{"id":3489,"date":"2023-10-30T20:24:40","date_gmt":"2023-10-30T20:24:40","guid":{"rendered":"http:\/\/jobsbysinter.com\/impronta\/"},"modified":"2024-01-25T09:03:24","modified_gmt":"2024-01-25T09:03:24","slug":"impronta","status":"publish","type":"page","link":"https:\/\/jobsbysinter.com\/it\/impronta\/","title":{"rendered":"Impronta"},"content":{"rendered":"\t\t<div data-elementor-type=\"wp-page\" data-elementor-id=\"3489\" class=\"elementor elementor-3489 elementor-1641\" data-elementor-post-type=\"page\">\n\t\t\t\t\t\t<section class=\"has_ae_slider elementor-section elementor-top-section elementor-element elementor-element-4a89a1f section_margin elementor-section-boxed elementor-section-height-default elementor-section-height-default ae-bg-gallery-type-default\" data-id=\"4a89a1f\" data-element_type=\"section\" data-e-type=\"section\">\n\t\t\t\t\t\t<div class=\"elementor-container elementor-column-gap-default\">\n\t\t\t\t\t<div class=\"has_ae_slider elementor-column elementor-col-100 elementor-top-column elementor-element elementor-element-f07f7f0 ae-bg-gallery-type-default\" data-id=\"f07f7f0\" data-element_type=\"column\" data-e-type=\"column\">\n\t\t\t<div class=\"elementor-widget-wrap elementor-element-populated\">\n\t\t\t\t\t\t<div class=\"elementor-element elementor-element-84f9e67 elementor-widget-divider--separator-type-pattern elementor-widget-divider--view-line elementor-invisible elementor-widget elementor-widget-divider\" data-id=\"84f9e67\" data-element_type=\"widget\" data-e-type=\"widget\" data-settings=\"{&quot;_animation&quot;:&quot;fadeInUp&quot;}\" data-widget_type=\"divider.default\">\n\t\t\t\t<div class=\"elementor-widget-container\">\n\t\t\t\t\t\t\t<div class=\"elementor-divider\" style=\"--divider-pattern-url: url(&quot;data:image\/svg+xml,%3Csvg xmlns=&#039;http:\/\/www.w3.org\/2000\/svg&#039; preserveAspectRatio=&#039;none&#039; overflow=&#039;visible&#039; height=&#039;100%&#039; viewBox=&#039;0 0 24 24&#039; fill=&#039;none&#039; stroke=&#039;black&#039; stroke-width=&#039;5&#039; stroke-linecap=&#039;square&#039; stroke-miterlimit=&#039;10&#039;%3E%3Cpolyline points=&#039;0,18 12,6 24,18 &#039;\/%3E%3C\/svg%3E&quot;);\">\n\t\t\t<span class=\"elementor-divider-separator\">\n\t\t\t\t\t\t<\/span>\n\t\t<\/div>\n\t\t\t\t\t\t<\/div>\n\t\t\t\t<\/div>\n\t\t\t\t<div class=\"elementor-element elementor-element-b158c58 elementor-invisible elementor-widget elementor-widget-heading\" data-id=\"b158c58\" data-element_type=\"widget\" data-e-type=\"widget\" data-settings=\"{&quot;_animation&quot;:&quot;fadeInUp&quot;,&quot;_animation_delay&quot;:100}\" data-widget_type=\"heading.default\">\n\t\t\t\t<div class=\"elementor-widget-container\">\n\t\t\t\t\t<h2 class=\"elementor-heading-title elementor-size-default\">Impronta<\/h2>\t\t\t\t<\/div>\n\t\t\t\t<\/div>\n\t\t\t\t<div class=\"elementor-element elementor-element-5e214ef elementor-widget elementor-widget-heading\" data-id=\"5e214ef\" data-element_type=\"widget\" data-e-type=\"widget\" data-widget_type=\"heading.default\">\n\t\t\t\t<div class=\"elementor-widget-container\">\n\t\t\t\t\t<h2 class=\"elementor-heading-title elementor-size-default\">Proprietario e responsabile del contenuto<\/h2>\t\t\t\t<\/div>\n\t\t\t\t<\/div>\n\t\t\t\t<div class=\"elementor-element elementor-element-a25331f elementor-widget elementor-widget-text-editor\" data-id=\"a25331f\" data-element_type=\"widget\" data-e-type=\"widget\" data-widget_type=\"text-editor.default\">\n\t\t\t\t<div class=\"elementor-widget-container\">\n\t\t\t\t\t\t\t\t\t<p>GKN SINTER METALS AG<br \/>\n39031 Brunico (BZ)<\/p>\n<p><span style=\"color: #ffffff;\"><a style=\"color: #ffffff;\" href=\"tel:+390474570211\">Tel. +39 0474 570 211<\/a><\/span><br \/>\n<span style=\"color: #ffffff;\"><a class=\"mail-link\" style=\"color: #ffffff;\" href=\"mailto:info.italy@gknpm.com\" data-enc-email=\"vasb[at]wbofolfvagre.pbz\" data-wpel-link=\"ignore\"><span id=\"eeb-793495-668684\">info.italy@gknpm.com<\/span><\/a><\/span><\/p>\n<p>Iscritta al registro delle imprese di Bolzano con il n. 00126210210<br \/>\nPartita IVA 00126210210<\/p>\n<p>GKN Sinter Metals AG<\/p>\n<h2 class=\"elementor-heading-title elementor-size-default\">Concetto &#8211; Design &#8211; Programmazione<\/h2>\n<p>&nbsp;<\/p>\n<p><a href=\"https:\/\/karriere-suedtirol.com\/\" target=\"_blank\" rel=\"noopener\"><img decoding=\"async\" class=\"alignnone wp-image-385 lazyload\" src=\"data:image\/gif;base64,R0lGODlhAQABAIAAAAAAAP\/\/\/yH5BAEAAAAALAAAAAABAAEAAAIBRAA7\" data-src=\"http:\/\/jobsbysinter.com\/wp-content\/uploads\/2023\/09\/KS_Logo_weiss_RGB_ohnerand-300x79.png\" alt=\"\" width=\"183\" height=\"48\" \/><noscript><img decoding=\"async\" class=\"alignnone wp-image-385 lazyload\" src=\"http:\/\/jobsbysinter.com\/wp-content\/uploads\/2023\/09\/KS_Logo_weiss_RGB_ohnerand-300x79.png\" alt=\"\" width=\"183\" height=\"48\" \/><\/noscript><\/a><\/p>\n<p><span style=\"color: #f7bb04;\"><a style=\"color: #f7bb04;\" href=\"https:\/\/karriere-suedtirol.com\/\" target=\"_blank\" rel=\"noopener\">Karriere Suedtirol<\/a><\/span><\/p>\n<p>Contatto<\/p>\n<p><span style=\"color: #ffffff;\"><a style=\"color: #ffffff;\" href=\"http:\/\/Tel:04711551350\">Tel.+39 0471 155 1350<\/a><\/span><br \/>\nZona Industriale 17, Caldaro<br \/>\n<span style=\"color: #ffffff;\"><a style=\"color: #ffffff;\" href=\"mailto:info@karriere-suedtirol.com\">info@karriere-suedtirol.com<\/a><\/span><\/p>\n<p>Note<\/p>\n<p>Tutti i contenuti di questo sito web sono stati accuratamente controllati. Tuttavia, non si pu\u00f2 assumere alcuna responsabilit\u00e0 o garanzia per la completezza o l&#8217;accuratezza dei contenuti. Ci\u00f2 vale anche per tutti i siti web a cui si pu\u00f2 accedere tramite collegamenti ipertestuali. Sinter Metals AG non si assume alcuna responsabilit\u00e0 per il contenuto di queste pagine collegate.<\/p>\n\t\t\t\t\t\t\t\t<\/div>\n\t\t\t\t<\/div>\n\t\t\t\t\t<\/div>\n\t\t<\/div>\n\t\t\t\t\t<\/div>\n\t\t<\/section>\n\t\t\t\t<\/div>\n\t\t","protected":false},"excerpt":{"rendered":"<p>Impronta Proprietario e responsabile del contenuto GKN SINTER METALS AG 39031 Brunico (BZ) Tel. +39 0474 570 211 info.italy@gknpm.com Iscritta al registro delle imprese di Bolzano con il n. 00126210210 Partita IVA 00126210210 GKN Sinter Metals AG Concetto &#8211; Design &#8211; Programmazione &nbsp; Karriere Suedtirol Contatto Tel.+39 0471 155 1350 Zona Industriale 17, Caldaro info@karriere-suedtirol.com [&hellip;]<\/p>\n","protected":false},"author":2,"featured_media":0,"parent":0,"menu_order":0,"comment_status":"closed","ping_status":"closed","template":"","meta":{"_acf_changed":false,"footnotes":""},"class_list":["post-3489","page","type-page","status-publish","hentry"],"acf":[],"yoast_head":"<!-- This site is optimized with the Yoast SEO plugin v27.2 - https:\/\/yoast.com\/product\/yoast-seo-wordpress\/ -->\n<title>Impronta - Jobs bei GKN Sinter Metals<\/title>\n<meta name=\"robots\" content=\"index, follow, max-snippet:-1, max-image-preview:large, max-video-preview:-1\" \/>\n<link rel=\"canonical\" href=\"https:\/\/jobsbysinter.com\/it\/impronta\/\" \/>\n<meta property=\"og:locale\" content=\"it_IT\" \/>\n<meta property=\"og:type\" content=\"article\" \/>\n<meta property=\"og:title\" content=\"Impronta - Jobs bei GKN Sinter Metals\" \/>\n<meta property=\"og:description\" content=\"Impronta Proprietario e responsabile del contenuto GKN SINTER METALS AG 39031 Brunico (BZ) Tel. +39 0474 570 211 info.italy@gknpm.com Iscritta al registro delle imprese di Bolzano con il n. 00126210210 Partita IVA 00126210210 GKN Sinter Metals AG Concetto &#8211; Design &#8211; Programmazione &nbsp; Karriere Suedtirol Contatto Tel.+39 0471 155 1350 Zona Industriale 17, Caldaro info@karriere-suedtirol.com [&hellip;]\" \/>\n<meta property=\"og:url\" content=\"https:\/\/jobsbysinter.com\/it\/impronta\/\" \/>\n<meta property=\"og:site_name\" content=\"Jobs bei GKN Sinter Metals\" \/>\n<meta property=\"article:modified_time\" content=\"2024-01-25T09:03:24+00:00\" \/>\n<meta property=\"og:image\" content=\"http:\/\/jobsbysinter.com\/wp-content\/uploads\/2023\/09\/KS_Logo_weiss_RGB_ohnerand-300x79.png\" \/>\n<meta name=\"twitter:card\" content=\"summary_large_image\" \/>\n<meta name=\"twitter:label1\" content=\"Tempo di lettura stimato\" \/>\n\t<meta name=\"twitter:data1\" content=\"1 minuto\" \/>\n<script type=\"application\/ld+json\" class=\"yoast-schema-graph\">{\"@context\":\"https:\/\/schema.org\",\"@graph\":[{\"@type\":\"WebPage\",\"@id\":\"https:\/\/jobsbysinter.com\/it\/impronta\/\",\"url\":\"https:\/\/jobsbysinter.com\/it\/impronta\/\",\"name\":\"Impronta - Jobs bei GKN Sinter Metals\",\"isPartOf\":{\"@id\":\"https:\/\/jobsbysinter.com\/it\/#website\"},\"primaryImageOfPage\":{\"@id\":\"https:\/\/jobsbysinter.com\/it\/impronta\/#primaryimage\"},\"image\":{\"@id\":\"https:\/\/jobsbysinter.com\/it\/impronta\/#primaryimage\"},\"thumbnailUrl\":\"http:\/\/jobsbysinter.com\/wp-content\/uploads\/2023\/09\/KS_Logo_weiss_RGB_ohnerand-300x79.png\",\"datePublished\":\"2023-10-30T20:24:40+00:00\",\"dateModified\":\"2024-01-25T09:03:24+00:00\",\"breadcrumb\":{\"@id\":\"https:\/\/jobsbysinter.com\/it\/impronta\/#breadcrumb\"},\"inLanguage\":\"it-IT\",\"potentialAction\":[{\"@type\":\"ReadAction\",\"target\":[\"https:\/\/jobsbysinter.com\/it\/impronta\/\"]}]},{\"@type\":\"ImageObject\",\"inLanguage\":\"it-IT\",\"@id\":\"https:\/\/jobsbysinter.com\/it\/impronta\/#primaryimage\",\"url\":\"http:\/\/jobsbysinter.com\/wp-content\/uploads\/2023\/09\/KS_Logo_weiss_RGB_ohnerand-300x79.png\",\"contentUrl\":\"http:\/\/jobsbysinter.com\/wp-content\/uploads\/2023\/09\/KS_Logo_weiss_RGB_ohnerand-300x79.png\"},{\"@type\":\"BreadcrumbList\",\"@id\":\"https:\/\/jobsbysinter.com\/it\/impronta\/#breadcrumb\",\"itemListElement\":[{\"@type\":\"ListItem\",\"position\":1,\"name\":\"Startseite\",\"item\":\"https:\/\/jobsbysinter.com\/\"},{\"@type\":\"ListItem\",\"position\":2,\"name\":\"Impronta\"}]},{\"@type\":\"WebSite\",\"@id\":\"https:\/\/jobsbysinter.com\/it\/#website\",\"url\":\"https:\/\/jobsbysinter.com\/it\/\",\"name\":\"Jobs bei GKN Sinter Metals\",\"description\":\"Offene Stellen und Arbeitspl\u00e4tze bei GKN Sinter Metals Bruneck und Sand in Taufers\",\"potentialAction\":[{\"@type\":\"SearchAction\",\"target\":{\"@type\":\"EntryPoint\",\"urlTemplate\":\"https:\/\/jobsbysinter.com\/it\/?s={search_term_string}\"},\"query-input\":{\"@type\":\"PropertyValueSpecification\",\"valueRequired\":true,\"valueName\":\"search_term_string\"}}],\"inLanguage\":\"it-IT\"}]}<\/script>\n<!-- \/ Yoast SEO plugin. -->","yoast_head_json":{"title":"Impronta - Jobs bei GKN Sinter Metals","robots":{"index":"index","follow":"follow","max-snippet":"max-snippet:-1","max-image-preview":"max-image-preview:large","max-video-preview":"max-video-preview:-1"},"canonical":"https:\/\/jobsbysinter.com\/it\/impronta\/","og_locale":"it_IT","og_type":"article","og_title":"Impronta - Jobs bei GKN Sinter Metals","og_description":"Impronta Proprietario e responsabile del contenuto GKN SINTER METALS AG 39031 Brunico (BZ) Tel. +39 0474 570 211 info.italy@gknpm.com Iscritta al registro delle imprese di Bolzano con il n. 00126210210 Partita IVA 00126210210 GKN Sinter Metals AG Concetto &#8211; Design &#8211; Programmazione &nbsp; Karriere Suedtirol Contatto Tel.+39 0471 155 1350 Zona Industriale 17, Caldaro info@karriere-suedtirol.com [&hellip;]","og_url":"https:\/\/jobsbysinter.com\/it\/impronta\/","og_site_name":"Jobs bei GKN Sinter Metals","article_modified_time":"2024-01-25T09:03:24+00:00","og_image":[{"url":"http:\/\/jobsbysinter.com\/wp-content\/uploads\/2023\/09\/KS_Logo_weiss_RGB_ohnerand-300x79.png","type":"","width":"","height":""}],"twitter_card":"summary_large_image","twitter_misc":{"Tempo di lettura stimato":"1 minuto"},"schema":{"@context":"https:\/\/schema.org","@graph":[{"@type":"WebPage","@id":"https:\/\/jobsbysinter.com\/it\/impronta\/","url":"https:\/\/jobsbysinter.com\/it\/impronta\/","name":"Impronta - Jobs bei GKN Sinter Metals","isPartOf":{"@id":"https:\/\/jobsbysinter.com\/it\/#website"},"primaryImageOfPage":{"@id":"https:\/\/jobsbysinter.com\/it\/impronta\/#primaryimage"},"image":{"@id":"https:\/\/jobsbysinter.com\/it\/impronta\/#primaryimage"},"thumbnailUrl":"http:\/\/jobsbysinter.com\/wp-content\/uploads\/2023\/09\/KS_Logo_weiss_RGB_ohnerand-300x79.png","datePublished":"2023-10-30T20:24:40+00:00","dateModified":"2024-01-25T09:03:24+00:00","breadcrumb":{"@id":"https:\/\/jobsbysinter.com\/it\/impronta\/#breadcrumb"},"inLanguage":"it-IT","potentialAction":[{"@type":"ReadAction","target":["https:\/\/jobsbysinter.com\/it\/impronta\/"]}]},{"@type":"ImageObject","inLanguage":"it-IT","@id":"https:\/\/jobsbysinter.com\/it\/impronta\/#primaryimage","url":"http:\/\/jobsbysinter.com\/wp-content\/uploads\/2023\/09\/KS_Logo_weiss_RGB_ohnerand-300x79.png","contentUrl":"http:\/\/jobsbysinter.com\/wp-content\/uploads\/2023\/09\/KS_Logo_weiss_RGB_ohnerand-300x79.png"},{"@type":"BreadcrumbList","@id":"https:\/\/jobsbysinter.com\/it\/impronta\/#breadcrumb","itemListElement":[{"@type":"ListItem","position":1,"name":"Startseite","item":"https:\/\/jobsbysinter.com\/"},{"@type":"ListItem","position":2,"name":"Impronta"}]},{"@type":"WebSite","@id":"https:\/\/jobsbysinter.com\/it\/#website","url":"https:\/\/jobsbysinter.com\/it\/","name":"Jobs bei GKN Sinter Metals","description":"Offene Stellen und Arbeitspl\u00e4tze bei GKN Sinter Metals Bruneck und Sand in Taufers","potentialAction":[{"@type":"SearchAction","target":{"@type":"EntryPoint","urlTemplate":"https:\/\/jobsbysinter.com\/it\/?s={search_term_string}"},"query-input":{"@type":"PropertyValueSpecification","valueRequired":true,"valueName":"search_term_string"}}],"inLanguage":"it-IT"}]}},"_links":{"self":[{"href":"https:\/\/jobsbysinter.com\/it\/wp-json\/wp\/v2\/pages\/3489","targetHints":{"allow":["GET"]}}],"collection":[{"href":"https:\/\/jobsbysinter.com\/it\/wp-json\/wp\/v2\/pages"}],"about":[{"href":"https:\/\/jobsbysinter.com\/it\/wp-json\/wp\/v2\/types\/page"}],"author":[{"embeddable":true,"href":"https:\/\/jobsbysinter.com\/it\/wp-json\/wp\/v2\/users\/2"}],"replies":[{"embeddable":true,"href":"https:\/\/jobsbysinter.com\/it\/wp-json\/wp\/v2\/comments?post=3489"}],"version-history":[{"count":0,"href":"https:\/\/jobsbysinter.com\/it\/wp-json\/wp\/v2\/pages\/3489\/revisions"}],"wp:attachment":[{"href":"https:\/\/jobsbysinter.com\/it\/wp-json\/wp\/v2\/media?parent=3489"}],"curies":[{"name":"wp","href":"https:\/\/api.w.org\/{rel}","templated":true}]}}